{"id":164,"date":"2016-01-05T18:08:19","date_gmt":"2016-01-05T17:08:19","guid":{"rendered":"http:\/\/www.ulrich-pietzsch.de\/?page_id=164"},"modified":"2021-05-25T09:12:03","modified_gmt":"2021-05-25T07:12:03","slug":"ausstellungen","status":"publish","type":"page","link":"https:\/\/www.ulrich-pietzsch.de\/index.php\/ausstellungen\/","title":{"rendered":"Ausstellungen"},"content":{"rendered":"\n<p>Im Laufe von 40 Jahren viele Ausstellungsbeteiligungen: <\/p>\n\n\n\n<p>&#8222;Von hier nach dort&#8220;: Kunstverein Villa Strecius in Landau\/Pfalz. <br>&#8222;Ausgeb\u00fcrgert&#8220;, K\u00fcnstler aus der DDR 1949 bis1989. <br>Staatliche Kunstsammlung Dresden und Deichtorhallen Hamburg. <br>Weitere Beteiligungen in M\u00fcnchen, Z\u00fcrich, Stra\u00dfburg, N\u00fcrnberg und Baden-Baden bei Ausstellungstourneen, sowie 7 Atelierausstellungen in der Garagengalerie in Salderatzen.<\/p>\n\n\n\n<p><strong>2019<\/strong><\/p>\n\n\n\n<p>Salongalerie &#8222;Die M\u00f6we&#8220;, Berlin Auguststra\u00dfe<\/p>\n\n\n\n<p>Beteiligung an der Ausstellung &#8222;Zweimal Berlin Blicke auf eine geteilte Stadt&#8220;<\/p>\n\n\n\n<p><strong>2019<\/strong><\/p>\n\n\n\n<p>Galerie &#8222;ebe&#8220;&nbsp; Parchim<\/p>\n\n\n\n<p><strong>2017<\/strong><\/p>\n\n\n\n<p>Im &#8222;L\u00e4ssig&#8220;,&nbsp;&nbsp;Hundertwaser &#8211; Bahnhof Uelzen<\/p>\n\n\n\n<p>Kulturverein Klein-Breese e.V. (zum 80. Geburtstag)<\/p>\n\n\n\n<p><strong>2016<\/strong><\/p>\n\n\n\n<p>Museum Waldemarturm Dannenberg<br>Heimathaus Cossebaude (anl\u00e4sslich der 750 Jahresfeier seines Geburtsortes)<br>Kulturtenne Damnatz e.V.<\/p>\n\n\n\n<p><strong>2015<\/strong><\/p>\n\n\n\n<p>Nikolaikirche Ikareum, Anklam<br>Ost-West-Forum, Gut G\u00f6delitz<\/p>\n\n\n\n<p><strong>2014<\/strong><\/p>\n\n\n\n<p>Kunstverein Rostock<br>ZeitkunstGalerie Halle(Saale)<\/p>\n\n\n\n<p><strong>2013<\/strong><\/p>\n\n\n\n<p>Kunsthaus \u201eDer Giebel\u201c Tangerm\u00fcnde<br>Galerie Meyer L\u00fcneburg<br>Lion Club Salzwedel<\/p>\n\n\n\n<p><strong>2012<\/strong><\/p>\n\n\n\n<p>Kunsthaus \u201eDer Giebel, Tangerm\u00fcnde<br>Museum Festung D\u00f6mitz, Galerie Hauptwache<br>Stadtbibliothek Uelzen<\/p>\n\n\n\n<p><strong>2011<\/strong><\/p>\n\n\n\n<p>\u201eLa Galeria\u201c, L\u00fcchow<br>Galerie Rathaus Dannenberg\/Elbe<\/p>\n\n\n\n<p><strong>2010<\/strong><\/p>\n\n\n\n<p>Galerie GEHAG \u2013 Forum Berlin, zusammen mit Klaus Schweier und Uwe Tabatt<\/p>\n\n\n\n<p><strong>2009<\/strong><\/p>\n\n\n\n<p>St\u00e4dtische Galerie Wollhalle G\u00fcstrow<br>Galerie Hopke Freienhagen bei Berlin<\/p>\n\n\n\n<p><strong>2008<\/strong><\/p>\n\n\n\n<p>Kreissparkasse Uelzen L\u00fcchow-Danneberg zur 850-Jahrfeier von L\u00fcchow<br>Sommersalon Kunstverein Schloss Wiligrad bei Schwerin<\/p>\n\n\n\n<p><strong>2007<\/strong><\/p>\n\n\n\n<p>Kreishaus L\u00fcchow \u2013 Dannenberg zum 70. Geburtstag<br>Lohgerber \u2013 Stadt und Kreis Museum Dippoldiswalde zum 70.<br>Galerie GEHAG-Forum Berlin zum 70.<br>Galerie Hopke Freienhagen bei Berlin<\/p>\n\n\n\n<p><strong>2006<\/strong><\/p>\n\n\n\n<p>Galerie Hopke, Freienhagen bei Berlin<\/p>\n\n\n\n<p><strong>2005<\/strong><\/p>\n\n\n\n<p>Galerie Hopke, Freienhagen bei Berlin<br>Galerie Wasserm\u00fchle Prisser(Dannenberg\/Elbe)<\/p>\n\n\n\n<p><strong>2004<\/strong><\/p>\n\n\n\n<p>Kunstverein e.V. Talstra\u00dfe Halle<br>Lohgerber-Kreis und Stadtmuseum Dippoldiswalde<br>Galerie Hopke, Freienhagen bei Berlin<br>Galerie Wasserm\u00fchle Prisser (Dannenberg\/Elbe)<\/p>\n\n\n\n<p><strong>2003<\/strong><\/p>\n\n\n\n<p>Galerie Rathaus Dannenberg\/Elbe<br>Galerie Hopke, Freienhagen bei Berlin<br>Dorfkirche Prenden bei Berlin<br>Galerie GEHAG-Forum Berlin<\/p>\n\n\n\n<p><strong>2002<\/strong><\/p>\n\n\n\n<p>Galerie der Europ\u00e4ischen Akademie Berlin<br>(zum 20j\u00e4hrigen Jubil\u00e4um der ersten Ausstellung im Westen und zum 65. Geburtstag)<br>Freydanksche Villa Stadt- und Kreisbibliothek Salzwedel<\/p>\n\n\n\n<p><strong>2001<\/strong><\/p>\n\n\n\n<p>Museum des Landkreises Diepholz-Syke<\/p>\n\n\n\n<p><strong>1999<\/strong><\/p>\n\n\n\n<p>Turmgalerie, Museum Festung D\u00f6mitz<\/p>\n\n\n\n<p><strong>1998<\/strong><\/p>\n\n\n\n<p>Galerie Kreismuseum Osterburg<\/p>\n\n\n\n<p><strong>1997<\/strong><\/p>\n\n\n\n<p>Galerie GEHAG-Forum Berlin (zum 60. Geburtstag)<br>Galerie im Klostergang, Museum Arendsee<\/p>\n\n\n\n<p><strong>1996<\/strong><\/p>\n\n\n\n<p>Staatliches Museum f\u00fcr S\u00e4chsische Volkskunst<br>Dresden (Retrospektive)<br>Musikwoche Hitzacker, Kurhaus<\/p>\n\n\n\n<p><strong>1995\/96<\/strong><\/p>\n\n\n\n<p>Galerie Meyer, L\u00fcneburg<\/p>\n\n\n\n<p><strong>1995<\/strong><\/p>\n\n\n\n<p>Johann.Friedrich-Danneil-Museum Salzwedel<\/p>\n\n\n\n<p><strong>1994<\/strong><\/p>\n\n\n\n<p>Museum Soltau<\/p>\n\n\n\n<p><strong>1993<\/strong><\/p>\n\n\n\n<p>Altm\u00e4rkisches Museum Stendal<br>Galerie GEHAG-Forum Berlin<\/p>\n\n\n\n<p><strong>1991<\/strong><\/p>\n\n\n\n<p>Galerie Rathaus Tempelhof Berlin<\/p>\n\n\n\n<p><strong>1989<\/strong><\/p>\n\n\n\n<p>Galerie Ancora Nieblum\/Insel F\u00f6hr<br>Museumsdorf L\u00fcbeln, Wendland<\/p>\n\n\n\n<p><strong>1988<\/strong><\/p>\n\n\n\n<p>Amtshaus Bad Neustadt\/Rh\u00f6n<br>Galerie Kunstamt Steglitz Berlin<br>Volksbank Hitzacker<br>Ab 1988 j\u00e4hrliche Pfingstausstellungen im Atelier in Salderatzen<\/p>\n\n\n\n<p><strong>1987<\/strong><\/p>\n\n\n\n<p>Galerie Krankenheim Tempelhof Berlin<br>Museumsdorf L\u00fcbeln, Wendland<br>Foyer Rathaus Kreuzberg Berlin<br>Galerie Lippeck Berlin- Hermsdorf<br>Deutschland-Information Berlin<\/p>\n\n\n\n<p><strong>1986<\/strong><\/p>\n\n\n\n<p>Galerie im Kulturzentrum Wolfsburg<\/p>\n\n\n\n<p><strong>1985<\/strong><\/p>\n\n\n\n<p>Galerie Brigitte W\u00f6lffer, Berlin<br>Galerie der Europ\u00e4ischen Akademie Berlin<br>Wissenschaftszentrum Berlin<\/p>\n\n\n\n<p><strong>1984<\/strong><\/p>\n\n\n\n<p>Galerie 1003 Rathaus Berlin- Wilmersdorf<br>Institut f\u00fcr intereurop\u00e4ische Studien Berlin<br>Kleine Galerie Deutschlandhaus Berlin<\/p>\n\n\n\n<p><strong>1983<\/strong><\/p>\n\n\n\n<p>Handelsakademie Kitzb\u00fchel\/\u00d6sterreich<br>Galerie Marianne K\u00fchn, K\u00f6ln<\/p>\n\n\n\n<p><strong>1982<\/strong><\/p>\n\n\n\n<p>Galerie der Europ\u00e4ischen Akademie Berlin (West)<\/p>\n\n\n\n<p><strong>1981<\/strong><\/p>\n\n\n\n<p>Kunstdienst der Evangelischen Kirche Berlin<\/p>\n\n\n\n<p><strong>1980<\/strong><\/p>\n\n\n\n<p>Museum f\u00fcr Landwirtschaft Wandlitz\/Mark<br>Staatlicher Kunsthandel der DDR<\/p>\n\n\n\n<p><strong>1979<\/strong><\/p>\n\n\n\n<p>Staatlicher Kunsthandel der DDR<\/p>\n\n\n\n<p><strong>1978<\/strong><\/p>\n\n\n\n<p>Galerie K\u00fchl, Dresden<\/p>\n\n\n\n<p><strong>1977<\/strong><\/p>\n\n\n\n<p>Kulturbund Fontane-Club Brandenburg<\/p>\n","protected":false},"excerpt":{"rendered":"<p>Im Laufe von 40 Jahren viele Ausstellungsbeteiligungen: &#8222;Von hier nach dort&#8220;: Kunstverein Villa Strecius in Landau\/Pfalz. &#8222;Ausgeb\u00fcrgert&#8220;, K\u00fcnstler aus der DDR 1949 bis1989. Staatliche Kunstsammlung Dresden und Deichtorhallen Hamburg. Weitere Beteiligungen in M\u00fcnchen, Z\u00fcrich, Stra\u00dfburg, N\u00fcrnberg und Baden-Baden bei Ausstellungstourneen, sowie 7 Atelierausstellungen in der Garagengalerie in Salderatzen. 2019 Salongalerie &#8222;Die M\u00f6we&#8220;, Berlin Auguststra\u00dfe Beteiligung&#8230;<\/p>\n","protected":false},"author":2,"featured_media":0,"parent":0,"menu_order":1,"comment_status":"closed","ping_status":"closed","template":"","meta":{"_kad_post_transparent":"","_kad_post_title":"","_kad_post_layout":"","_kad_post_sidebar_id":"","_kad_post_content_style":"","_kad_post_vertical_padding":"","_kad_post_feature":"","_kad_post_feature_position":"","_kad_post_header":false,"_kad_post_footer":false,"_kad_post_classname":"","footnotes":""},"class_list":["post-164","page","type-page","status-publish","hentry"],"_links":{"self":[{"href":"https:\/\/www.ulrich-pietzsch.de\/index.php\/wp-json\/wp\/v2\/pages\/164","targetHints":{"allow":["GET"]}}],"collection":[{"href":"https:\/\/www.ulrich-pietzsch.de\/index.php\/wp-json\/wp\/v2\/pages"}],"about":[{"href":"https:\/\/www.ulrich-pietzsch.de\/index.php\/wp-json\/wp\/v2\/types\/page"}],"author":[{"embeddable":true,"href":"https:\/\/www.ulrich-pietzsch.de\/index.php\/wp-json\/wp\/v2\/users\/2"}],"replies":[{"embeddable":true,"href":"https:\/\/www.ulrich-pietzsch.de\/index.php\/wp-json\/wp\/v2\/comments?post=164"}],"version-history":[{"count":19,"href":"https:\/\/www.ulrich-pietzsch.de\/index.php\/wp-json\/wp\/v2\/pages\/164\/revisions"}],"predecessor-version":[{"id":598,"href":"https:\/\/www.ulrich-pietzsch.de\/index.php\/wp-json\/wp\/v2\/pages\/164\/revisions\/598"}],"wp:attachment":[{"href":"https:\/\/www.ulrich-pietzsch.de\/index.php\/wp-json\/wp\/v2\/media?parent=164"}],"curies":[{"name":"wp","href":"https:\/\/api.w.org\/{rel}","templated":true}]}}