{"id":172,"date":"2016-01-05T18:18:34","date_gmt":"2016-01-05T17:18:34","guid":{"rendered":"http:\/\/www.ulrich-pietzsch.de\/?page_id=172"},"modified":"2024-09-10T17:48:28","modified_gmt":"2024-09-10T15:48:28","slug":"publikationen","status":"publish","type":"page","link":"https:\/\/www.ulrich-pietzsch.de\/index.php\/publikationen\/","title":{"rendered":"Publikationen von\/\u00fcber Ulrich Pietzsch"},"content":{"rendered":"\n<p><strong>1969<\/strong>   \u201eFeinde. Wolfgang Heinz inszeniert Gorki\u201c, Modellbuch Deutsches<br>Theater Berlin, Henschelverlag Berlin<\/p>\n\n\n\n<p><strong>1974<\/strong>   Michail Fokin \u201eGegen den Strom\u201c, Herausgabe und \u00dcbersetzung,<br>zusammen mit Lydia Wolgina, Berlin, Henschelverlag Berlin<\/p>\n\n\n\n<p><strong>1977<\/strong>   \u201eDie Welt des Tanzes in Selbstzeugnisse\u201c, Herausgabe,<br>zusammen mit Lydia Wolgina, Berlin, Henschelverlag Berlin<\/p>\n\n\n\n<p><strong>1984<\/strong>   \u201eVerdammte Heimat\u201c, Geschichtenband, Muschkeverlag Berlin<\/p>\n\n\n\n<p><strong>1985<\/strong>   \u201eBerlin \u00fcber die D\u00f6rfer\u201c, eigene Bilder und Verse, Muschkeverlag Berlin<\/p>\n\n\n\n<p><strong>1993<\/strong>   \u201eHerzbl\u00e4tter\u201c, Bilderkatalog, Eigenherausgabe<\/p>\n\n\n\n<p><strong>2005<\/strong>   \u201eAufs richtige Pferd gesetzt\u201c, Geschichtenband,<br>Verlag Stock &amp; Stein Schwerin<\/p>\n\n\n\n<p><strong>2007<\/strong>   \u201eBilderkatalog zum 70.\u201c, Verlag Stock &amp; Stein Schwerin<\/p>\n\n\n\n<p><strong>2011<\/strong>   \u201eDer Bildermaler Ulrich Pietzsch\u201c, Bildband, herausgegeben von<br>Dr. Manfred Fortmann, Limosaverlag Clenze<\/p>\n\n\n\n<p><strong>2015&nbsp;&nbsp;<\/strong>&nbsp;\u201eDer kleine Wadenbei\u00dfer\u201c, eine Kindheit zwischen Oberwartha und<br>Dresden, Husumverlag Husum<\/p>\n\n\n\n<p><strong>2015<\/strong>   Der Bildermaler &#8222;Werkverzeichnis 1976 bis 2015&#8220;, Selbstverlag<\/p>\n\n\n\n<p><strong>2016   &#8222;<\/strong>Meine Frau, die Ballerina LebensSpr\u00fcnge&#8220;, Biographie, Selbstverlag<\/p>\n\n\n\n<p><strong>2017<\/strong>   &#8222;Meine Frau, die Ballerina&#8220;, Bildband und Portr\u00e4t Lydia Wolgina, Selbstverlag<\/p>\n\n\n\n<p><strong>2019<\/strong>   &#8222;Der junge Traumt\u00e4nzer&#8220;, Autobiographie 1949 bis 1976, Copyright: Ulrich Pietzsch<\/p>\n\n\n\n<p><strong>2019<\/strong>   &#8222;Vom Anfang einer Opernliebe Erinnerungen an die S\u00e4ngerelite der Staatsoper Dresden 1949 bis 1954&#8220;, Dresdner Verlag Holger Oertel<\/p>\n\n\n\n<p><strong>2021<\/strong>   Werksverzeichnis II, Die Handzeichnungen, 1976-2020, Selbstverlag<\/p>\n\n\n\n<p><strong>2023<\/strong>   Die Kunstsprache des klassischen Balletts, Florian Noetzel Verlag Wilhelmshaven<\/p>\n\n\n\n<p><strong>2024<\/strong> Es hat sich so gef\u00fcgt, Tageb\u00fccher von 1976 &#8211; 1980, Selbstverlag<\/p>\n\n\n\n<p class=\"has-theme-palette-7-background-color has-background\">\u00d6lbilder von ihm befinden sich in den Sammlungen des Museums f\u00fcr S\u00e4chsische Volkskunst Dresden, des Altm\u00e4rkischen Museums Stendal sowie in vielen nationalen und internationalen Privatsammlungen.<\/p>\n","protected":false},"excerpt":{"rendered":"<p>1969 \u201eFeinde. Wolfgang Heinz inszeniert Gorki\u201c, Modellbuch DeutschesTheater Berlin, Henschelverlag Berlin 1974 Michail Fokin \u201eGegen den Strom\u201c, Herausgabe und \u00dcbersetzung,zusammen mit Lydia Wolgina, Berlin, Henschelverlag Berlin 1977 \u201eDie Welt des Tanzes in Selbstzeugnisse\u201c, Herausgabe,zusammen mit Lydia Wolgina, Berlin, Henschelverlag Berlin 1984 \u201eVerdammte Heimat\u201c, Geschichtenband, Muschkeverlag Berlin 1985 \u201eBerlin \u00fcber die D\u00f6rfer\u201c, eigene Bilder und Verse,&#8230;<\/p>\n","protected":false},"author":2,"featured_media":0,"parent":0,"menu_order":1,"comment_status":"closed","ping_status":"closed","template":"","meta":{"_kad_post_transparent":"","_kad_post_title":"","_kad_post_layout":"","_kad_post_sidebar_id":"","_kad_post_content_style":"","_kad_post_vertical_padding":"default","_kad_post_feature":"","_kad_post_feature_position":"","_kad_post_header":false,"_kad_post_footer":false,"_kad_post_classname":"","footnotes":""},"class_list":["post-172","page","type-page","status-publish","hentry"],"_links":{"self":[{"href":"https:\/\/www.ulrich-pietzsch.de\/index.php\/wp-json\/wp\/v2\/pages\/172","targetHints":{"allow":["GET"]}}],"collection":[{"href":"https:\/\/www.ulrich-pietzsch.de\/index.php\/wp-json\/wp\/v2\/pages"}],"about":[{"href":"https:\/\/www.ulrich-pietzsch.de\/index.php\/wp-json\/wp\/v2\/types\/page"}],"author":[{"embeddable":true,"href":"https:\/\/www.ulrich-pietzsch.de\/index.php\/wp-json\/wp\/v2\/users\/2"}],"replies":[{"embeddable":true,"href":"https:\/\/www.ulrich-pietzsch.de\/index.php\/wp-json\/wp\/v2\/comments?post=172"}],"version-history":[{"count":23,"href":"https:\/\/www.ulrich-pietzsch.de\/index.php\/wp-json\/wp\/v2\/pages\/172\/revisions"}],"predecessor-version":[{"id":661,"href":"https:\/\/www.ulrich-pietzsch.de\/index.php\/wp-json\/wp\/v2\/pages\/172\/revisions\/661"}],"wp:attachment":[{"href":"https:\/\/www.ulrich-pietzsch.de\/index.php\/wp-json\/wp\/v2\/media?parent=172"}],"curies":[{"name":"wp","href":"https:\/\/api.w.org\/{rel}","templated":true}]}}