{"id":445,"date":"2020-08-15T13:26:59","date_gmt":"2020-08-15T11:26:59","guid":{"rendered":"http:\/\/pietzsch.localhost\/?page_id=445"},"modified":"2020-08-19T23:32:20","modified_gmt":"2020-08-19T21:32:20","slug":"startseite","status":"publish","type":"page","link":"https:\/\/www.ulrich-pietzsch.de\/","title":{"rendered":"Startseite"},"content":{"rendered":"<style>#kt-layout-id_6bdbfe-9b > .kt-row-column-wrap{align-content:start;}:where(#kt-layout-id_6bdbfe-9b > .kt-row-column-wrap) > .wp-block-kadence-column{justify-content:start;}#kt-layout-id_6bdbfe-9b > .kt-row-column-wrap{column-gap:80px;row-gap:var(--global-kb-gap-md, 2rem);padding-top:var( --global-kb-row-default-top, 25px );padding-bottom:var( --global-kb-row-default-bottom, 25px );padding-right:0px;grid-template-columns:minmax(0, 2fr) minmax(0, 1fr);}#kt-layout-id_6bdbfe-9b > .kt-row-layout-overlay{opacity:0.30;}#kt-layout-id_6bdbfe-9b .kt-row-layout-bottom-sep{height:100px;}#kt-layout-id_6bdbfe-9b .kt-row-layout-bottom-sep svg{width:100%;}#kt-layout-id_6bdbfe-9b .kt-row-layout-bottom-sep svg{fill:#ffffff!important;}@media all and (max-width: 1024px){#kt-layout-id_6bdbfe-9b > .kt-row-column-wrap{grid-template-columns:minmax(0, 2fr) minmax(0, 1fr);}}@media all and (max-width: 1024px){#kt-layout-id_6bdbfe-9b .kt-row-layout-bottom-sep{height:px;}}@media all and (max-width: 1024px){#kt-layout-id_6bdbfe-9b .kt-row-layout-bottom-sep svg{width:%;}}@media all and (max-width: 767px){#kt-layout-id_6bdbfe-9b > .kt-row-column-wrap{grid-template-columns:minmax(0, 1fr);}#kt-layout-id_6bdbfe-9b .kt-row-layout-bottom-sep{height:px;}#kt-layout-id_6bdbfe-9b .kt-row-layout-bottom-sep svg{width:%;}}<\/style>\n<div class=\"wp-block-kadence-rowlayout alignnone\"><div id=\"kt-layout-id_6bdbfe-9b\" class=\"kt-row-layout-inner kt-layout-id_6bdbfe-9b\"><div class=\"kt-row-column-wrap kt-has-2-columns kt-gutter-widest kt-v-gutter-default kt-row-valign-top kt-row-layout-left-golden kt-tab-layout-inherit kt-m-colapse-left-to-right kt-mobile-layout-row\"><style>.kadence-column_03b9c8-86 > .kt-inside-inner-col{border-top-width:0px;border-right-width:0px;border-bottom-width:0px;border-left-width:0px;}.kadence-column_03b9c8-86 > .kt-inside-inner-col,.kadence-column_03b9c8-86 > .kt-inside-inner-col:before{border-top-left-radius:0px;border-top-right-radius:0px;border-bottom-right-radius:0px;border-bottom-left-radius:0px;}.kadence-column_03b9c8-86 > .kt-inside-inner-col{column-gap:var(--global-kb-gap-sm, 1rem);}.kadence-column_03b9c8-86 > .kt-inside-inner-col{flex-direction:column;}.kadence-column_03b9c8-86 > .kt-inside-inner-col > .aligncenter{width:100%;}.kadence-column_03b9c8-86 > .kt-inside-inner-col:before{opacity:0.3;}.kadence-column_03b9c8-86{position:relative;}@media all and (max-width: 1024px){.kadence-column_03b9c8-86 > .kt-inside-inner-col{flex-direction:column;justify-content:center;}}@media all and (max-width: 767px){.kadence-column_03b9c8-86 > .kt-inside-inner-col{flex-direction:column;justify-content:center;}}<\/style>\n<div class=\"wp-block-kadence-column inner-column-1 kadence-column_03b9c8-86\"><div class=\"kt-inside-inner-col\"><style>.wp-block-kadence-advancedheading.kt-adv-heading_7382bb-21, .wp-block-kadence-advancedheading.kt-adv-heading_7382bb-21[data-kb-block=\"kb-adv-heading_7382bb-21\"]{text-align:center;font-size:54px;font-style:normal;}.wp-block-kadence-advancedheading.kt-adv-heading_7382bb-21 mark.kt-highlight, .wp-block-kadence-advancedheading.kt-adv-heading_7382bb-21[data-kb-block=\"kb-adv-heading_7382bb-21\"] mark.kt-highlight{font-style:normal;color:#f76a0c;-webkit-box-decoration-break:clone;box-decoration-break:clone;padding-top:0px;padding-right:0px;padding-bottom:0px;padding-left:0px;}.wp-block-kadence-advancedheading.kt-adv-heading_7382bb-21 img.kb-inline-image, .wp-block-kadence-advancedheading.kt-adv-heading_7382bb-21[data-kb-block=\"kb-adv-heading_7382bb-21\"] img.kb-inline-image{width:150px;vertical-align:baseline;}@media all and (max-width: 767px){.wp-block-kadence-advancedheading.kt-adv-heading_7382bb-21, .wp-block-kadence-advancedheading.kt-adv-heading_7382bb-21[data-kb-block=\"kb-adv-heading_7382bb-21\"]{font-size:44px;}}<\/style>\n<h1 id=\"kt-adv-heading_7382bb-21\" class=\"kt-adv-heading_7382bb-21 wp-block-kadence-advancedheading\" style=\"text-align:center\">Ulrich Pietzsch<\/h1>\n\n\n<style>.wp-block-kadence-advancedheading.kt-adv-heading_6664a6-b4, .wp-block-kadence-advancedheading.kt-adv-heading_6664a6-b4[data-kb-block=\"kb-adv-heading_6664a6-b4\"]{text-align:center;font-style:normal;}.wp-block-kadence-advancedheading.kt-adv-heading_6664a6-b4 mark.kt-highlight, .wp-block-kadence-advancedheading.kt-adv-heading_6664a6-b4[data-kb-block=\"kb-adv-heading_6664a6-b4\"] mark.kt-highlight{font-style:normal;color:#f76a0c;-webkit-box-decoration-break:clone;box-decoration-break:clone;padding-top:0px;padding-right:0px;padding-bottom:0px;padding-left:0px;}.wp-block-kadence-advancedheading.kt-adv-heading_6664a6-b4 img.kb-inline-image, .wp-block-kadence-advancedheading.kt-adv-heading_6664a6-b4[data-kb-block=\"kb-adv-heading_6664a6-b4\"] img.kb-inline-image{width:150px;vertical-align:baseline;}<\/style>\n<h2 id=\"kt-adv-heading_6664a6-b4\" class=\"kt-adv-heading_6664a6-b4 wp-block-kadence-advancedheading\" style=\"text-align:center\">Der Bildermaler<\/h2>\n\n\n\n<p class=\"has-text-align-center\" style=\"font-size:18px\">Geboren 1937 bei Dresden, Landwirt, Montagearbeiter, Redakteur, Philosophiestudent, Theater \u2013 und Tanzkritiker, Buch- und Fernsehautor. <\/p>\n\n\n\n<p class=\"has-text-align-center\" style=\"font-size:18px\">Mit 39 Jahren ver\u00e4nderte er sein Leben, malte nur noch Bilder. R\u00fcckzug aufs Land. Z\u00fcchtete Schafe. 1982 zusammen mit seiner Frau Lydia Ausreise nach Berlin &#8211; West. Ab 1988 lebt das Ehepaar im nieders\u00e4chsischen Wendland.<\/p>\n<\/div><\/div>\n\n\n<style>.kadence-column_141710-8a > .kt-inside-inner-col{border-top-width:0px;border-right-width:0px;border-bottom-width:0px;border-left-width:0px;}.kadence-column_141710-8a > .kt-inside-inner-col,.kadence-column_141710-8a > .kt-inside-inner-col:before{border-top-left-radius:0px;border-top-right-radius:0px;border-bottom-right-radius:0px;border-bottom-left-radius:0px;}.kadence-column_141710-8a > .kt-inside-inner-col{column-gap:var(--global-kb-gap-sm, 1rem);}.kadence-column_141710-8a > .kt-inside-inner-col{flex-direction:column;}.kadence-column_141710-8a > .kt-inside-inner-col > .aligncenter{width:100%;}.kadence-column_141710-8a > .kt-inside-inner-col:before{opacity:0.3;}.kadence-column_141710-8a{position:relative;}@media all and (max-width: 1024px){.kadence-column_141710-8a > .kt-inside-inner-col{flex-direction:column;justify-content:center;}}@media all and (max-width: 767px){.kadence-column_141710-8a > .kt-inside-inner-col{flex-direction:column;justify-content:center;}}<\/style>\n<div class=\"wp-block-kadence-column inner-column-2 kadence-column_141710-8a\"><div class=\"kt-inside-inner-col\">\n<div class=\"wp-block-image img-center\"><figure class=\"alignleft size-full\"><img loading=\"lazy\" decoding=\"async\" width=\"300\" height=\"437\" src=\"https:\/\/www.ulrich-pietzsch.de\/wp-content\/uploads\/2020\/08\/pietsch2-300x437-1.jpg\" alt=\"Ulrich Pietzsch\" class=\"wp-image-449\" srcset=\"https:\/\/www.ulrich-pietzsch.de\/wp-content\/uploads\/2020\/08\/pietsch2-300x437-1.jpg 300w, https:\/\/www.ulrich-pietzsch.de\/wp-content\/uploads\/2020\/08\/pietsch2-300x437-1-206x300.jpg 206w\" sizes=\"auto, (max-width: 300px) 100vw, 300px\" \/><\/figure><\/div>\n<\/div><\/div>\n<\/div><\/div><\/div>\n\n\n<style>.wp-block-kadence-spacer.kt-block-spacer-_ebe2ee-7c .kt-block-spacer{height:80px;}.wp-block-kadence-spacer.kt-block-spacer-_ebe2ee-7c .kt-divider{border-top-width:3px;height:1px;border-top-color:#eee;width:60%;border-top-style:solid;}<\/style>\n<div class=\"wp-block-kadence-spacer aligncenter kt-block-spacer-_ebe2ee-7c\"><div class=\"kt-block-spacer kt-block-spacer-halign-center\" style=\"height:80px\"><hr class=\"kt-divider\" style=\"border-top-color:rgba(238, 238, 238, 1);border-top-width:3px;width:60%;border-top-style:solid\"\/><\/div><\/div>\n\n\n<style>#kt-layout-id_7ea665-2b > .kt-row-column-wrap{align-content:start;}:where(#kt-layout-id_7ea665-2b > .kt-row-column-wrap) > .wp-block-kadence-column{justify-content:start;}#kt-layout-id_7ea665-2b > .kt-row-column-wrap{column-gap:var(--global-kb-gap-md, 2rem);row-gap:var(--global-kb-gap-md, 2rem);padding-top:var( --global-kb-row-default-top, 25px );padding-bottom:var( --global-kb-row-default-bottom, 25px );padding-top:var(--global-kb-spacing-sm, 1.5rem);padding-bottom:var(--global-kb-spacing-sm, 1.5rem);}#kt-layout-id_7ea665-2b > .kt-row-column-wrap > div:not(.added-for-specificity){grid-column:initial;}#kt-layout-id_7ea665-2b > .kt-row-column-wrap{grid-template-columns:repeat(3, minmax(0, 1fr));}#kt-layout-id_7ea665-2b > .kt-row-layout-overlay{opacity:0.30;}@media all and (max-width: 1024px){#kt-layout-id_7ea665-2b > .kt-row-column-wrap > div:not(.added-for-specificity){grid-column:initial;}}@media all and (max-width: 1024px){#kt-layout-id_7ea665-2b > .kt-row-column-wrap{grid-template-columns:repeat(3, minmax(0, 1fr));}}@media all and (max-width: 767px){#kt-layout-id_7ea665-2b > .kt-row-column-wrap > div:not(.added-for-specificity){grid-column:initial;}#kt-layout-id_7ea665-2b > .kt-row-column-wrap{grid-template-columns:minmax(0, 1fr);}}<\/style>\n<div class=\"wp-block-kadence-rowlayout alignnone\"><div id=\"kt-layout-id_7ea665-2b\" class=\"kt-row-layout-inner kt-layout-id_7ea665-2b\"><div class=\"kt-row-column-wrap kt-has-3-columns kt-gutter-default kt-v-gutter-default kt-row-valign-top kt-row-layout-equal kt-tab-layout-inherit kt-m-colapse-left-to-right kt-mobile-layout-row\"><style>.kadence-column_77af51-2a > .kt-inside-inner-col{border-top-width:0px;border-right-width:0px;border-bottom-width:0px;border-left-width:0px;}.kadence-column_77af51-2a > .kt-inside-inner-col,.kadence-column_77af51-2a > .kt-inside-inner-col:before{border-top-left-radius:0px;border-top-right-radius:0px;border-bottom-right-radius:0px;border-bottom-left-radius:0px;}.kadence-column_77af51-2a > .kt-inside-inner-col{column-gap:var(--global-kb-gap-sm, 1rem);}.kadence-column_77af51-2a > .kt-inside-inner-col{flex-direction:column;}.kadence-column_77af51-2a > .kt-inside-inner-col > .aligncenter{width:100%;}.kadence-column_77af51-2a > .kt-inside-inner-col:before{opacity:0.3;}.kadence-column_77af51-2a{position:relative;}@media all and (max-width: 1024px){.kadence-column_77af51-2a > .kt-inside-inner-col{flex-direction:column;justify-content:center;}}@media all and (max-width: 767px){.kadence-column_77af51-2a > .kt-inside-inner-col{flex-direction:column;justify-content:center;}}<\/style>\n<div class=\"wp-block-kadence-column inner-column-1 kadence-column_77af51-2a\"><div class=\"kt-inside-inner-col\"><style>.wp-block-kadence-column.kb-section-dir-horizontal > .kt-inside-inner-col > #kt-info-box_dcd4e9-a4 .kt-blocks-info-box-link-wrap{max-width:unset;}#kt-info-box_dcd4e9-a4 .kt-blocks-info-box-link-wrap{padding-top:var(--global-kb-spacing-xs, 1rem);padding-right:var(--global-kb-spacing-xs, 1rem);padding-bottom:var(--global-kb-spacing-xs, 1rem);padding-left:var(--global-kb-spacing-xs, 1rem);}#kt-info-box_dcd4e9-a4 .kadence-info-box-icon-container .kt-info-svg-icon, #kt-info-box_dcd4e9-a4 .kt-info-svg-icon-flip, #kt-info-box_dcd4e9-a4 .kt-blocks-info-box-number{font-size:50px;}#kt-info-box_dcd4e9-a4 .kt-blocks-info-box-media{color:#444444;border-top-width:0px;border-right-width:0px;border-bottom-width:0px;border-left-width:0px;padding-top:10px;padding-right:10px;padding-bottom:10px;padding-left:10px;}#kt-info-box_dcd4e9-a4 .kt-blocks-info-box-media-container{margin-top:0px;margin-right:15px;margin-bottom:0px;margin-left:15px;}#kt-info-box_dcd4e9-a4 .kt-blocks-info-box-link-wrap:hover .kt-blocks-info-box-media{color:#444444;}#kt-info-box_dcd4e9-a4 .kt-blocks-info-box-learnmore{color:var(--global-palette9, #ffffff);background:var(--global-palette6, #718096);border-color:#555555;border-width:0px 0px 0px 0px;padding-top:4px;padding-right:8px;padding-bottom:4px;padding-left:8px;margin-top:10px;margin-right:0px;margin-bottom:10px;margin-left:0px;}#kt-info-box_dcd4e9-a4 .kt-blocks-info-box-link-wrap:hover .kt-blocks-info-box-learnmore,#kt-info-box_dcd4e9-a4 .kt-blocks-info-box-link-wrap .kt-blocks-info-box-learnmore:focus{color:#ffffff;background:#444444;border-color:#444444;}<\/style>\n<div id=\"kt-info-box_dcd4e9-a4\" class=\"wp-block-kadence-infobox\"><a class=\"kt-blocks-info-box-link-wrap kt-blocks-info-box-media-align-top kt-info-halign-center\" href=\"https:\/\/www.ulrich-pietzsch.de\/index.php\/2015\/10\/29\/die-huehner-werden-kuehner\/\"><div class=\"kt-infobox-textcontent\"><h2 class=\"kt-blocks-info-box-title\">Die H\u00fchner werden k\u00fchner<\/h2><p class=\"kt-blocks-info-box-text\">Was Ulrich Pietzsch in die H\u00e4nde bekommt, wird zum Bild oder zur Geschichte, oder zu beiden. So war es auch&#8230;<\/p><div class=\"kt-blocks-info-box-learnmore-wrap\"><span class=\"kt-blocks-info-box-learnmore\">&#8230; weiter lesen<\/span><\/div><\/div><\/a><\/div>\n<\/div><\/div>\n\n\n<style>.kadence-column_53d4c3-61 > .kt-inside-inner-col{border-top-width:0px;border-right-width:0px;border-bottom-width:0px;border-left-width:0px;}.kadence-column_53d4c3-61 > .kt-inside-inner-col,.kadence-column_53d4c3-61 > .kt-inside-inner-col:before{border-top-left-radius:0px;border-top-right-radius:0px;border-bottom-right-radius:0px;border-bottom-left-radius:0px;}.kadence-column_53d4c3-61 > .kt-inside-inner-col{column-gap:var(--global-kb-gap-sm, 1rem);}.kadence-column_53d4c3-61 > .kt-inside-inner-col{flex-direction:column;}.kadence-column_53d4c3-61 > .kt-inside-inner-col > .aligncenter{width:100%;}.kadence-column_53d4c3-61 > .kt-inside-inner-col:before{opacity:0.3;}.kadence-column_53d4c3-61{position:relative;}@media all and (max-width: 1024px){.kadence-column_53d4c3-61 > .kt-inside-inner-col{flex-direction:column;justify-content:center;}}@media all and (max-width: 767px){.kadence-column_53d4c3-61 > .kt-inside-inner-col{flex-direction:column;justify-content:center;}}<\/style>\n<div class=\"wp-block-kadence-column inner-column-2 kadence-column_53d4c3-61\"><div class=\"kt-inside-inner-col\"><style>.wp-block-kadence-column.kb-section-dir-horizontal > .kt-inside-inner-col > #kt-info-box_2aa830-02 .kt-blocks-info-box-link-wrap{max-width:unset;}#kt-info-box_2aa830-02 .kt-blocks-info-box-link-wrap{padding-top:var(--global-kb-spacing-xs, 1rem);padding-right:var(--global-kb-spacing-xs, 1rem);padding-bottom:var(--global-kb-spacing-xs, 1rem);padding-left:var(--global-kb-spacing-xs, 1rem);}#kt-info-box_2aa830-02 .kadence-info-box-icon-container .kt-info-svg-icon, #kt-info-box_2aa830-02 .kt-info-svg-icon-flip, #kt-info-box_2aa830-02 .kt-blocks-info-box-number{font-size:50px;}#kt-info-box_2aa830-02 .kt-blocks-info-box-media{color:#444444;border-top-width:0px;border-right-width:0px;border-bottom-width:0px;border-left-width:0px;padding-top:10px;padding-right:10px;padding-bottom:10px;padding-left:10px;}#kt-info-box_2aa830-02 .kt-blocks-info-box-media-container{margin-top:0px;margin-right:15px;margin-bottom:0px;margin-left:15px;}#kt-info-box_2aa830-02 .kt-blocks-info-box-link-wrap:hover .kt-blocks-info-box-media{color:#444444;}#kt-info-box_2aa830-02 .kt-blocks-info-box-learnmore{color:var(--global-palette9, #ffffff);background:var(--global-palette6, #718096);border-color:#555555;border-width:0px 0px 0px 0px;padding-top:4px;padding-right:8px;padding-bottom:4px;padding-left:8px;margin-top:10px;margin-right:0px;margin-bottom:10px;margin-left:0px;}#kt-info-box_2aa830-02 .kt-blocks-info-box-link-wrap:hover .kt-blocks-info-box-learnmore,#kt-info-box_2aa830-02 .kt-blocks-info-box-link-wrap .kt-blocks-info-box-learnmore:focus{color:#ffffff;background:#444444;border-color:#444444;}<\/style>\n<div id=\"kt-info-box_2aa830-02\" class=\"wp-block-kadence-infobox\"><a class=\"kt-blocks-info-box-link-wrap kt-blocks-info-box-media-align-top kt-info-halign-center\" href=\"https:\/\/www.ulrich-pietzsch.de\/index.php\/2015\/10\/29\/freche-nackedeis-im-kirchenschiff\/\"><div class=\"kt-infobox-textcontent\"><h2 class=\"kt-blocks-info-box-title\">Freche Nackedeis im Kirchenschiff<\/h2><p class=\"kt-blocks-info-box-text\">Wer h\u00e4tte gedacht, dass aus etwas Traurigem noch soviel Spa\u00df entstehen kann. \u201eIrgendwie musste ich sie doch aufmuntern\u201c&#8230;<\/p><div class=\"kt-blocks-info-box-learnmore-wrap\"><span class=\"kt-blocks-info-box-learnmore\">&#8230; weiter lesen<\/span><\/div><\/div><\/a><\/div>\n<\/div><\/div>\n\n\n<style>.kadence-column_3c3105-98 > .kt-inside-inner-col{border-top-width:0px;border-right-width:0px;border-bottom-width:0px;border-left-width:0px;}.kadence-column_3c3105-98 > .kt-inside-inner-col,.kadence-column_3c3105-98 > .kt-inside-inner-col:before{border-top-left-radius:0px;border-top-right-radius:0px;border-bottom-right-radius:0px;border-bottom-left-radius:0px;}.kadence-column_3c3105-98 > .kt-inside-inner-col{column-gap:var(--global-kb-gap-sm, 1rem);}.kadence-column_3c3105-98 > .kt-inside-inner-col{flex-direction:column;}.kadence-column_3c3105-98 > .kt-inside-inner-col > .aligncenter{width:100%;}.kadence-column_3c3105-98 > .kt-inside-inner-col:before{opacity:0.3;}.kadence-column_3c3105-98{position:relative;}@media all and (max-width: 1024px){.kadence-column_3c3105-98 > .kt-inside-inner-col{flex-direction:column;justify-content:center;}}@media all and (max-width: 767px){.kadence-column_3c3105-98 > .kt-inside-inner-col{flex-direction:column;justify-content:center;}}<\/style>\n<div class=\"wp-block-kadence-column inner-column-3 kadence-column_3c3105-98\"><div class=\"kt-inside-inner-col\"><style>.wp-block-kadence-column.kb-section-dir-horizontal > .kt-inside-inner-col > #kt-info-box_3fc07d-70 .kt-blocks-info-box-link-wrap{max-width:unset;}#kt-info-box_3fc07d-70 .kt-blocks-info-box-link-wrap{padding-top:var(--global-kb-spacing-xs, 1rem);padding-right:var(--global-kb-spacing-xs, 1rem);padding-bottom:var(--global-kb-spacing-xs, 1rem);padding-left:var(--global-kb-spacing-xs, 1rem);}#kt-info-box_3fc07d-70 .kadence-info-box-icon-container .kt-info-svg-icon, #kt-info-box_3fc07d-70 .kt-info-svg-icon-flip, #kt-info-box_3fc07d-70 .kt-blocks-info-box-number{font-size:50px;}#kt-info-box_3fc07d-70 .kt-blocks-info-box-media{color:#444444;border-top-width:0px;border-right-width:0px;border-bottom-width:0px;border-left-width:0px;padding-top:10px;padding-right:10px;padding-bottom:10px;padding-left:10px;}#kt-info-box_3fc07d-70 .kt-blocks-info-box-media-container{margin-top:0px;margin-right:15px;margin-bottom:0px;margin-left:15px;}#kt-info-box_3fc07d-70 .kt-blocks-info-box-link-wrap:hover .kt-blocks-info-box-media{color:#444444;}#kt-info-box_3fc07d-70 .kt-blocks-info-box-learnmore{color:var(--global-palette9, #ffffff);background:var(--global-palette6, #718096);border-color:#555555;border-width:0px 0px 0px 0px;padding-top:4px;padding-right:8px;padding-bottom:4px;padding-left:8px;margin-top:10px;margin-right:0px;margin-bottom:10px;margin-left:0px;}#kt-info-box_3fc07d-70 .kt-blocks-info-box-link-wrap:hover .kt-blocks-info-box-learnmore,#kt-info-box_3fc07d-70 .kt-blocks-info-box-link-wrap .kt-blocks-info-box-learnmore:focus{color:#ffffff;background:#444444;border-color:#444444;}<\/style>\n<div id=\"kt-info-box_3fc07d-70\" class=\"wp-block-kadence-infobox\"><a class=\"kt-blocks-info-box-link-wrap kt-blocks-info-box-media-align-top kt-info-halign-center\" href=\"https:\/\/www.ulrich-pietzsch.de\/index.php\/2015\/10\/30\/sehnsucht-und-distanz\/\"><div class=\"kt-infobox-textcontent\"><h2 class=\"kt-blocks-info-box-title\">Sehnsucht und Distanz<\/h2><p class=\"kt-blocks-info-box-text\">\u00dcber das Buch Ulrich Pietzsch \u00a0\u201eDer kleine Wadenbei\u00dfer Eine Kindheit zwischen Oberwartha und Dresden\u201c, Husum-Verlag&#8230;<\/p><div class=\"kt-blocks-info-box-learnmore-wrap\"><span class=\"kt-blocks-info-box-learnmore\">&#8230; weiter lesen<\/span><\/div><\/div><\/a><\/div>\n<\/div><\/div>\n<\/div><\/div><\/div>\n","protected":false},"excerpt":{"rendered":"<p>Ulrich Pietzsch Der Bildermaler Geboren 1937 bei Dresden, Landwirt, Montagearbeiter, Redakteur, Philosophiestudent, Theater \u2013 und Tanzkritiker, Buch- und Fernsehautor. Mit 39 Jahren ver\u00e4nderte er sein Leben, malte nur noch Bilder. R\u00fcckzug aufs Land. Z\u00fcchtete Schafe. 1982 zusammen mit seiner Frau Lydia Ausreise nach Berlin &#8211; West. Ab 1988 lebt das Ehepaar im nieders\u00e4chsischen Wendland.<\/p>\n","protected":false},"author":2,"featured_media":0,"parent":0,"menu_order":0,"comment_status":"closed","ping_status":"closed","template":"","meta":{"_kad_post_transparent":"","_kad_post_title":"hide","_kad_post_layout":"normal","_kad_post_sidebar_id":"","_kad_post_content_style":"","_kad_post_vertical_padding":"","_kad_post_feature":"","_kad_post_feature_position":"","_kad_post_header":false,"_kad_post_footer":false,"_kad_post_classname":"","footnotes":""},"class_list":["post-445","page","type-page","status-publish","hentry"],"_links":{"self":[{"href":"https:\/\/www.ulrich-pietzsch.de\/index.php\/wp-json\/wp\/v2\/pages\/445","targetHints":{"allow":["GET"]}}],"collection":[{"href":"https:\/\/www.ulrich-pietzsch.de\/index.php\/wp-json\/wp\/v2\/pages"}],"about":[{"href":"https:\/\/www.ulrich-pietzsch.de\/index.php\/wp-json\/wp\/v2\/types\/page"}],"author":[{"embeddable":true,"href":"https:\/\/www.ulrich-pietzsch.de\/index.php\/wp-json\/wp\/v2\/users\/2"}],"replies":[{"embeddable":true,"href":"https:\/\/www.ulrich-pietzsch.de\/index.php\/wp-json\/wp\/v2\/comments?post=445"}],"version-history":[{"count":13,"href":"https:\/\/www.ulrich-pietzsch.de\/index.php\/wp-json\/wp\/v2\/pages\/445\/revisions"}],"predecessor-version":[{"id":537,"href":"https:\/\/www.ulrich-pietzsch.de\/index.php\/wp-json\/wp\/v2\/pages\/445\/revisions\/537"}],"wp:attachment":[{"href":"https:\/\/www.ulrich-pietzsch.de\/index.php\/wp-json\/wp\/v2\/media?parent=445"}],"curies":[{"name":"wp","href":"https:\/\/api.w.org\/{rel}","templated":true}]}}